{"id":929,"date":"2020-11-24T04:06:16","date_gmt":"2020-11-24T03:06:16","guid":{"rendered":"https:\/\/gem-selection.com\/?page_id=929"},"modified":"2024-09-21T11:23:37","modified_gmt":"2024-09-21T09:23:37","slug":"contact-presse","status":"publish","type":"page","link":"https:\/\/www.gem-selection.com\/en\/contact-presse\/","title":{"rendered":"Press"},"content":{"rendered":"<div data-vc-full-width=\"true\" data-vc-full-width-init=\"false\" data-vc-stretch-content=\"true\" class=\"vc_row wpb_row vc_row-fluid banner-top vc_custom_1604790575280 vc_row-has-fill vc_row-no-padding\"><div class=\"wpb_column vc_column_container vc_col-sm-12\"><div class=\"vc_column-inner vc_custom_1603321806627\"><div class=\"wpb_wrapper\">\n\t<div  class=\"wpb_single_image wpb_content_element vc_align_center  wpb_animate_when_almost_visible wpb_zoomIn zoomIn vc_custom_1604594315210  titleimg1537\">\n\t\t\n\t\t<figure class=\"wpb_wrapper vc_figure\">\n\t\t\t<div class=\"vc_single_image-wrapper   vc_box_border_grey\"><img width=\"1\" height=\"1\" src=\"https:\/\/www.gem-selection.com\/wp-content\/uploads\/2020\/11\/gemselectiogris2.svg\" class=\"vc_single_image-img attachment-thumbnail\" alt=\"\" decoding=\"async\" loading=\"lazy\" \/><\/div>\n\t\t<\/figure>\n\t<\/div>\n<h2 style=\"font-size: 33px;color: #e6e6e6;text-align: center\" class=\"vc_custom_heading force-font shadow1537 gemselection wpb_animate_when_almost_visible wpb_fadeInUp fadeInUp vc_custom_1606187428098\" >PRESS<\/h2><\/div><\/div><\/div><\/div><div class=\"vc_row-full-width vc_clearfix\"><\/div><div class=\"vc_row wpb_row vc_row-fluid vc_custom_1604790053587\"><div class=\"wpb_column vc_column_container vc_col-sm-12\"><div class=\"vc_column-inner\"><div class=\"wpb_wrapper\"><h2 style=\"color: #a59b81;text-align: center\" class=\"vc_custom_heading vc_custom_1604508531861\" >Contact us<\/h2><p style=\"text-align: center\" class=\"vc_custom_heading vc_custom_1605808090177 translation-block\" >You can contact <b>GEM SELECTION<\/b> from Monday to Friday from <b>9am to 6pm.(French time zone)<\/b><\/p><p style=\"text-align: center\" class=\"vc_custom_heading vc_custom_1605808120429\" >You can also contact us by phone or WhatsApp :<\/p>\n\t<div class=\"wpb_text_column wpb_content_element  vc_custom_1605807997935\" >\n\t\t<div class=\"wpb_wrapper\">\n\t\t\t<div style=\"font-size: 25px; font-weight: bold; text-align: center;\"><i class=\"fa fa-phone\" style=\"margin-right: 5px;\" aria-hidden=\"true\"><\/i> 09.77.25.03.30<\/div>\n\n\t\t<\/div>\n\t<\/div>\n<p style=\"text-align: center\" class=\"vc_custom_heading vc_custom_1605808070759\" >o\u00f9 remplir le formulaire ci-dessous.<\/p><p style=\"text-align: center\" class=\"vc_custom_heading vc_custom_1605807824678\" >For any request for information or appointment, please send an email to the following address<\/p>\n\t<div class=\"wpb_text_column wpb_content_element  vc_custom_1605808002154\" >\n\t\t<div class=\"wpb_wrapper\">\n\t\t\t<div style=\"font-size: 19px; font-weight: bold; text-align: center;\"><i class=\"fa fa-envelope\" style=\"margin-right: 5px;\" aria-hidden=\"true\"><\/i> contact@gem-selection.com<\/div>\n\n\t\t<\/div>\n\t<\/div>\n<p style=\"text-align: center\" class=\"vc_custom_heading vc_custom_1604790159979\" >An answer will be brought to you under 24H to 48H.<\/p>\n<div class=\"wpcf7 no-js\" id=\"wpcf7-f935-o1\" lang=\"fr-FR\" dir=\"ltr\">\n<div class=\"screen-reader-response\"><p role=\"status\" aria-live=\"polite\" aria-atomic=\"true\"><\/p> <ul><\/ul><\/div>\n<form action=\"\/en\/wp-json\/wp\/v2\/pages\/929#wpcf7-f935-o1\" method=\"post\" class=\"wpcf7-form init\" aria-label=\"Formulaire de contact\" novalidate=\"novalidate\" data-status=\"init\" data-trp-original-action=\"\/en\/wp-json\/wp\/v2\/pages\/929#wpcf7-f935-o1\">\n<div style=\"display: none;\">\n<input type=\"hidden\" name=\"_wpcf7\" value=\"935\" \/>\n<input type=\"hidden\" name=\"_wpcf7_version\" value=\"5.7.5.1\" \/>\n<input type=\"hidden\" name=\"_wpcf7_locale\" value=\"fr_FR\" \/>\n<input type=\"hidden\" name=\"_wpcf7_unit_tag\" value=\"wpcf7-f935-o1\" \/>\n<input type=\"hidden\" name=\"_wpcf7_container_post\" value=\"0\" \/>\n<input type=\"hidden\" name=\"_wpcf7_posted_data_hash\" value=\"\" \/>\n<input type=\"hidden\" name=\"_wpcf7_recaptcha_response\" value=\"\" \/>\n<\/div>\n<p><label> Name*<br \/>\n<span class=\"wpcf7-form-control-wrap\" data-name=\"your-name\"><input size=\"40\" class=\"wpcf7-form-control wpcf7-text wpcf7-validates-as-required\" aria-required=\"true\" aria-invalid=\"false\" value=\"\" type=\"text\" name=\"your-name\" \/><\/span> <\/label>\n<\/p>\n<p><label> Your E-mail adress*<br \/>\n<span class=\"wpcf7-form-control-wrap\" data-name=\"your-email\"><input size=\"40\" class=\"wpcf7-form-control wpcf7-text wpcf7-email wpcf7-validates-as-required wpcf7-validates-as-email\" aria-required=\"true\" aria-invalid=\"false\" value=\"\" type=\"email\" name=\"your-email\" \/><\/span> <\/label>\n<\/p>\n<p><label> Your phone number*<br \/>\n<span class=\"wpcf7-form-control-wrap\" data-name=\"tel-143\"><input size=\"40\" class=\"wpcf7-form-control wpcf7-text wpcf7-tel wpcf7-validates-as-tel\" aria-invalid=\"false\" value=\"\" type=\"tel\" name=\"tel-143\" \/><\/span> <\/label>\n<\/p>\n<p><label> Purpose*<br \/>\n<span class=\"wpcf7-form-control-wrap\" data-name=\"your-subject\"><input size=\"40\" class=\"wpcf7-form-control wpcf7-text\" aria-invalid=\"false\" value=\"\" type=\"text\" name=\"your-subject\" \/><\/span> <\/label>\n<\/p>\n<p><label> Your message*<br \/>\n<span class=\"wpcf7-form-control-wrap\" data-name=\"your-message\"><textarea cols=\"40\" rows=\"10\" class=\"wpcf7-form-control wpcf7-textarea\" aria-invalid=\"false\" name=\"your-message\"><\/textarea><\/span> <\/label>\n<\/p>\n<p><input class=\"wpcf7-form-control has-spinner wpcf7-submit\" type=\"submit\" value=\"Send\" \/>\n<\/p><div class=\"wpcf7-response-output\" aria-hidden=\"true\"><\/div>\n<input type=\"hidden\" name=\"trp-form-language\" value=\"en\"\/><\/form>\n<\/div>\n<\/div><\/div><\/div><\/div><div data-vc-full-width=\"true\" data-vc-full-width-init=\"false\" class=\"vc_row wpb_row vc_row-fluid vc_custom_1604790078895 vc_row-has-fill\"><div class=\"wpb_column vc_column_container vc_col-sm-12 vc_col-has-fill\"><div class=\"vc_column-inner vc_custom_1604790104523\"><div class=\"wpb_wrapper\"><h2 style=\"color: #a59b81;text-align: center\" class=\"vc_custom_heading vc_custom_1605808155801\" >Follow us on our social networks<\/h2>\n\t<div class=\"wpb_raw_code wpb_content_element wpb_raw_html\" >\n\t\t<div class=\"wpb_wrapper\">\n\t\t\t<div class=\"block-icon-rs\">\n\n    <a class=\"icon-rs2 customize-unpreviewable\" href=\"https:\/\/www.facebook.com\/GEMSELECTION1\" target=\"_blank\"><img src=\"https:\/\/gem-selection.com\/icons\/facebook.svg\"><\/a>\n\n    <a class=\"icon-rs2 customize-unpreviewable\" href=\"https:\/\/www.instagram.com\/gem_selection\/\" target=\"_blank\"><img src=\"https:\/\/gem-selection.com\/icons\/instagram.svg\"><\/a>\n\n    <a class=\"icon-rs2 customize-unpreviewable\" href=\"https:\/\/www.linkedin.com\/company\/gem-selection\/\" target=\"_blank\"><img src=\"https:\/\/gem-selection.com\/icons\/linkedin.svg\"><\/a>\n\n    <a class=\"icon-rs2 customize-unpreviewable\" href=\"https:\/\/www.youtube.com\/channel\/UCbFEmTpUeYX7fp57oPPR4wA\" target=\"_blank\"><img src=\"https:\/\/gem-selection.com\/icons\/youtube.svg\"><\/a>\n\n    <a class=\"icon-rs2 customize-unpreviewable\" href=\"https:\/\/www.pinterest.fr\/gemselection\/\" target=\"_blank\"><img src=\"https:\/\/gem-selection.com\/icons\/pinterest.svg\" style=\"margin-right: 0px;\"><\/a>\n\n<\/div>\n\t\t<\/div>\n\t<\/div>\n<h2 style=\"color: #a59b81;text-align: center\" class=\"vc_custom_heading vc_custom_1604790000609\" >GEM SELECTION<\/h2><p style=\"font-size: 19px;color: #a59b81;text-align: center\" class=\"vc_custom_heading vc_custom_1726910616156\" >10 Rue de la Paix 75002 Paris<\/p><\/div><\/div><\/div><\/div><div class=\"vc_row-full-width vc_clearfix\"><\/div>","protected":false},"excerpt":{"rendered":"CONTACT PRESSEContactez-nousLa soci\u00e9t\u00e9 GEM SELECTION est joignable du lundi au vendredi de 9H \u00e0 12H et de 14H \u00e0 18H.Vous pouvez \u00e9galement nous joindre par t\u00e9l\u00e9phone au : 09.77.25.03.30 o\u00f9 remplir le formulaire ci-dessous.Pour toute demande de renseignement ou RDV, merci d'adresser un mail sur l'adresse suivante : contact@gem-selection.com Une r\u00e9ponse vous sera apport\u00e9e sous [...]","protected":false},"author":1,"featured_media":0,"parent":0,"menu_order":0,"comment_status":"closed","ping_status":"closed","template":"","meta":[],"yoast_head":"<!-- This site is optimized with the Yoast SEO plugin v20.4 - https:\/\/yoast.com\/wordpress\/plugins\/seo\/ -->\n<title>Contact presse - GEM SELECTION<\/title>\n<meta name=\"robots\" content=\"index, follow, max-snippet:-1, max-image-preview:large, max-video-preview:-1\" \/>\n<link rel=\"canonical\" href=\"https:\/\/www.gem-selection.com\/en\/contact-presse\/\" \/>\n<meta property=\"og:locale\" content=\"en_US\" \/>\n<meta property=\"og:type\" content=\"article\" \/>\n<meta property=\"og:title\" content=\"Contact presse - GEM SELECTION\" \/>\n<meta property=\"og:url\" content=\"https:\/\/www.gem-selection.com\/en\/contact-presse\/\" \/>\n<meta property=\"og:site_name\" content=\"GEM SELECTION\" \/>\n<meta property=\"article:modified_time\" content=\"2024-09-21T09:23:37+00:00\" \/>\n<meta name=\"twitter:card\" content=\"summary_large_image\" \/>\n<meta name=\"twitter:label1\" content=\"Est. reading time\" \/>\n\t<meta name=\"twitter:data1\" content=\"1 minute\" \/>\n<script type=\"application\/ld+json\" class=\"yoast-schema-graph\">{\"@context\":\"https:\/\/schema.org\",\"@graph\":[{\"@type\":\"WebPage\",\"@id\":\"https:\/\/www.gem-selection.com\/contact-presse\/\",\"url\":\"https:\/\/www.gem-selection.com\/contact-presse\/\",\"name\":\"Contact presse - GEM SELECTION\",\"isPartOf\":{\"@id\":\"https:\/\/www.gem-selection.com\/#website\"},\"datePublished\":\"2020-11-24T03:06:16+00:00\",\"dateModified\":\"2024-09-21T09:23:37+00:00\",\"breadcrumb\":{\"@id\":\"https:\/\/www.gem-selection.com\/contact-presse\/#breadcrumb\"},\"inLanguage\":\"en-US\",\"potentialAction\":[{\"@type\":\"ReadAction\",\"target\":[\"https:\/\/www.gem-selection.com\/contact-presse\/\"]}]},{\"@type\":\"BreadcrumbList\",\"@id\":\"https:\/\/www.gem-selection.com\/contact-presse\/#breadcrumb\",\"itemListElement\":[{\"@type\":\"ListItem\",\"position\":1,\"name\":\"Accueil\",\"item\":\"https:\/\/www.gem-selection.com\/\"},{\"@type\":\"ListItem\",\"position\":2,\"name\":\"Contact presse\"}]},{\"@type\":\"WebSite\",\"@id\":\"https:\/\/www.gem-selection.com\/#website\",\"url\":\"https:\/\/www.gem-selection.com\/\",\"name\":\"GEM SELECTION\",\"description\":\"Vente Pierres Pr\u00e9cieuses et Fines\",\"potentialAction\":[{\"@type\":\"SearchAction\",\"target\":{\"@type\":\"EntryPoint\",\"urlTemplate\":\"https:\/\/www.gem-selection.com\/?s={search_term_string}\"},\"query-input\":\"required name=search_term_string\"}],\"inLanguage\":\"en-US\"}]}<\/script>\n<!-- \/ Yoast SEO plugin. -->","yoast_head_json":{"title":"Contact presse - GEM SELECTION","robots":{"index":"index","follow":"follow","max-snippet":"max-snippet:-1","max-image-preview":"max-image-preview:large","max-video-preview":"max-video-preview:-1"},"canonical":"https:\/\/www.gem-selection.com\/en\/contact-presse\/","og_locale":"en_US","og_type":"article","og_title":"Contact presse - GEM SELECTION","og_url":"https:\/\/www.gem-selection.com\/en\/contact-presse\/","og_site_name":"GEM SELECTION","article_modified_time":"2024-09-21T09:23:37+00:00","twitter_card":"summary_large_image","twitter_misc":{"Est. reading time":"1 minute"},"schema":{"@context":"https:\/\/schema.org","@graph":[{"@type":"WebPage","@id":"https:\/\/www.gem-selection.com\/contact-presse\/","url":"https:\/\/www.gem-selection.com\/contact-presse\/","name":"Contact presse - GEM SELECTION","isPartOf":{"@id":"https:\/\/www.gem-selection.com\/#website"},"datePublished":"2020-11-24T03:06:16+00:00","dateModified":"2024-09-21T09:23:37+00:00","breadcrumb":{"@id":"https:\/\/www.gem-selection.com\/contact-presse\/#breadcrumb"},"inLanguage":"en-US","potentialAction":[{"@type":"ReadAction","target":["https:\/\/www.gem-selection.com\/contact-presse\/"]}]},{"@type":"BreadcrumbList","@id":"https:\/\/www.gem-selection.com\/contact-presse\/#breadcrumb","itemListElement":[{"@type":"ListItem","position":1,"name":"Accueil","item":"https:\/\/www.gem-selection.com\/"},{"@type":"ListItem","position":2,"name":"Contact presse"}]},{"@type":"WebSite","@id":"https:\/\/www.gem-selection.com\/#website","url":"https:\/\/www.gem-selection.com\/","name":"GEM SELECTION","description":"Vente Pierres Pr\u00e9cieuses et Fines","potentialAction":[{"@type":"SearchAction","target":{"@type":"EntryPoint","urlTemplate":"https:\/\/www.gem-selection.com\/?s={search_term_string}"},"query-input":"required name=search_term_string"}],"inLanguage":"en-US"}]}},"_links":{"self":[{"href":"https:\/\/www.gem-selection.com\/en\/wp-json\/wp\/v2\/pages\/929"}],"collection":[{"href":"https:\/\/www.gem-selection.com\/en\/wp-json\/wp\/v2\/pages"}],"about":[{"href":"https:\/\/www.gem-selection.com\/en\/wp-json\/wp\/v2\/types\/page"}],"author":[{"embeddable":true,"href":"https:\/\/www.gem-selection.com\/en\/wp-json\/wp\/v2\/users\/1"}],"replies":[{"embeddable":true,"href":"https:\/\/www.gem-selection.com\/en\/wp-json\/wp\/v2\/comments?post=929"}],"version-history":[{"count":7,"href":"https:\/\/www.gem-selection.com\/en\/wp-json\/wp\/v2\/pages\/929\/revisions"}],"predecessor-version":[{"id":1201,"href":"https:\/\/www.gem-selection.com\/en\/wp-json\/wp\/v2\/pages\/929\/revisions\/1201"}],"wp:attachment":[{"href":"https:\/\/www.gem-selection.com\/en\/wp-json\/wp\/v2\/media?parent=929"}],"curies":[{"name":"wp","href":"https:\/\/api.w.org\/{rel}","templated":true}]}}