{"id":436,"date":"2020-10-16T04:02:01","date_gmt":"2020-10-16T02:02:01","guid":{"rendered":"https:\/\/gem-selection.com\/?page_id=436"},"modified":"2024-09-20T15:34:48","modified_gmt":"2024-09-20T13:34:48","slug":"mentions-legales","status":"publish","type":"page","link":"https:\/\/www.gem-selection.com\/en\/mentions-legales\/","title":{"rendered":"Legal"},"content":{"rendered":"<div data-vc-full-width=\"true\" data-vc-full-width-init=\"false\" data-vc-stretch-content=\"true\" class=\"vc_row wpb_row vc_row-fluid banner-top vc_custom_1604790595410 vc_row-has-fill vc_row-no-padding\"><div class=\"wpb_column vc_column_container vc_col-sm-12\"><div class=\"vc_column-inner vc_custom_1603321806627\"><div class=\"wpb_wrapper\">\n\t<div  class=\"wpb_single_image wpb_content_element vc_align_center  wpb_animate_when_almost_visible wpb_zoomIn zoomIn vc_custom_1604594315210  titleimg1537\">\n\t\t\n\t\t<figure class=\"wpb_wrapper vc_figure\">\n\t\t\t<div class=\"vc_single_image-wrapper   vc_box_border_grey\"><img width=\"1\" height=\"1\" src=\"https:\/\/www.gem-selection.com\/wp-content\/uploads\/2020\/11\/gemselectiogris2.svg\" class=\"vc_single_image-img attachment-thumbnail\" alt=\"\" decoding=\"async\" loading=\"lazy\" \/><\/div>\n\t\t<\/figure>\n\t<\/div>\n<h2 style=\"font-size: 33px;color: #e6e6e6;text-align: center\" class=\"vc_custom_heading force-font shadow1537 gemselection wpb_animate_when_almost_visible wpb_fadeInUp fadeInUp vc_custom_1604788851372\" >LEGAL<\/h2><\/div><\/div><\/div><\/div><div class=\"vc_row-full-width vc_clearfix\"><\/div><div class=\"vc_row wpb_row vc_row-fluid mention-legal vc_custom_1601396799201\"><div class=\"wpb_column vc_column_container vc_col-sm-12\"><div class=\"vc_column-inner\"><div class=\"wpb_wrapper\"><h3 style=\"text-align: left\" class=\"vc_custom_heading vc_custom_1590677655328\" >1. Presentation of the site<\/h3>\n\t<div class=\"wpb_text_column wpb_content_element\" >\n\t\t<div class=\"wpb_wrapper\">\n\t\t\t<p class=\" translation-block\">Under Article 6 of Law No. 2004-575 of 21 June 2004 on confidence in the digital economy, users of the site www.gem-selection.com are informed of the identity of the various parties involved in its implementation and monitoring:<\/p>\n\n\t\t<\/div>\n\t<\/div>\n<\/div><\/div><\/div><\/div><div class=\"vc_row wpb_row vc_row-fluid mention-legal\"><div class=\"wpb_column vc_column_container vc_col-sm-4\"><div class=\"vc_column-inner\"><div class=\"wpb_wrapper\">\n\t<div class=\"wpb_text_column wpb_content_element\" >\n\t\t<div class=\"wpb_wrapper\">\n\t\t\t<p><strong>GEM SELECTION<\/strong><br \/>\nSiret: 81433731700014<br \/>\nSiren: 814 337 317<br \/>\nCode APE : 4676Z<\/p>\n<p>10 Rue de Paix<br \/>\nPARIS, 75002<br \/>\n<span class=\"bold\">Phone :<\/span> +33 607 862 598<br \/>\nE-mail : <a class=\"moz-txt-link-abbreviated mailto-link\" href=\"mailto:contact@gem-selection.com\" target=\"_blank\" rel=\"noopener noreferrer\">contact@gem-selection.com<\/a><br \/>\n<span class=\"bold\">Website : <a href=\"https:\/\/www.gem-selection.com\/en\/\">www.gem-selection.com<\/a><\/span><\/p>\n<p><strong>Director of publication :<\/strong><\/p>\n<p>Mr Charbonneau Beno\u00eet<br \/>\nE-mail : <a href=\"mailto:gem-selection@hotmail.com\">gem-selection@hotmail.com<\/a><br \/>\nPhone : +33 9 77 25 03 30<\/p>\n\n\t\t<\/div>\n\t<\/div>\n<\/div><\/div><\/div><div class=\"wpb_column vc_column_container vc_col-sm-4\"><div class=\"vc_column-inner\"><div class=\"wpb_wrapper\"><h3 style=\"font-size: 19px;text-align: left\" class=\"vc_custom_heading vc_custom_1601396888259\" >Website Development :<\/h3>\n\t<div class=\"wpb_raw_code wpb_content_element wpb_raw_html vc_custom_1606182230097\" >\n\t\t<div class=\"wpb_wrapper\">\n\t\t\t<img alt=\"Slagon digital partner\" class=\"advanced-feature-img-left img-fluid\" src=\"https:\/\/gem-selection.com\/logo-slagon-footer.svg\" style=\"height: 45px; margin-bottom: 13px; margin-top: 0px;\">\n\t\t<\/div>\n\t<\/div>\n\n\t<div class=\"wpb_text_column wpb_content_element  vc_custom_1674075133759\" >\n\t\t<div class=\"wpb_wrapper\">\n\t\t\t<p><strong>Slagon\u00ae<\/strong><br \/>\n9 rue des colonnes<br \/>\n75002 Paris, FRANCE<br \/>\n<span class=\"bold\">Phone :<\/span> (+33) 09 77 19 71 33<br \/>\nE-mail:\u00a0<a href=\"mailto:contact@slagon.fr\">contact@slagon.fr<\/a><br \/>\n<span class=\"bold\">Website :\u00a0<\/span><a class=\"colortext-red\" title=\"Slagon, Agence digitale\" href=\"http:\/\/www.slagon.fr\/\" target=\"_blank\" rel=\"noopener noreferrer\">www.slagon.fr<\/a><\/p>\n\n\t\t<\/div>\n\t<\/div>\n<\/div><\/div><\/div><div class=\"wpb_column vc_column_container vc_col-sm-4\"><div class=\"vc_column-inner\"><div class=\"wpb_wrapper\"><h3 style=\"font-size: 19px;text-align: left\" class=\"vc_custom_heading vc_custom_1601396899594\" >Hosting :<\/h3>\n\t<div class=\"wpb_text_column wpb_content_element\" >\n\t\t<div class=\"wpb_wrapper\">\n\t\t\t<p><strong>1&amp;1 IONOS Cloud GmbH<\/strong><br \/>\nGreifswalder Str. 207<br \/>\n10405 Berlin<br \/>\nDeutschland<br \/>\n<a href=\"https:\/\/www.ionos.fr\/hebergement\/hebergement-web?ac=OM.FR.FRf11K357049T7073a&amp;kwk=269972986#packs\" target=\"_blank\" rel=\"noopener noreferrer\">www.ionos.fr<\/a><\/p>\n\n\t\t<\/div>\n\t<\/div>\n<\/div><\/div><\/div><\/div><div class=\"vc_row wpb_row vc_row-fluid mention-legal vc_custom_1601396804078\"><div class=\"mention-legal wpb_column vc_column_container vc_col-sm-12\"><div class=\"vc_column-inner\"><div class=\"wpb_wrapper\">\n\t<div class=\"wpb_text_column wpb_content_element\" >\n\t\t<div class=\"wpb_wrapper\">\n\t\t\t<h3>2. General conditions of use of the site and the services offered.<\/h3>\n<p>This site is normally accessible to users at all times. However, GEM SELECTION may decide to interrupt the site for technical maintenance purposes. GEM SELECTION will make every effort to inform users in advance of the dates and times of the intervention.<\/p>\n<p>The www.gem-selection.com website is updated regularly by GEM SELECTION. Similarly, the legal notices may be modified at any time: they are nevertheless binding on the user, who is invited to refer to them as often as possible in order to read them.<\/p>\n<h3>3. Description of the services provided.<\/h3>\n<p>The purpose of the www.gem-selection.com website is to provide information about all the company's activities.<\/p>\n<p>GEM SELECTION strives to provide information on the www.gem-selection.com website that is as accurate as possible. However, it cannot be held responsible for omissions, inaccuracies or shortcomings in updating, whether caused by itself or by third-party partners that provide this information.<\/p>\n<p>All information on the www.gem-selection.com website is given as an indication and is likely to change. Furthermore, the information on the www.gem-selection.com website is not exhaustive. It is given subject to modifications having been made since it was put on line.<\/p>\n<h3>4. Contractual limitations on technical data.<\/h3>\n<p>The site uses JavaScript technology.<\/p>\n<p>The website cannot be held responsible for material damage related to the use of the site. Moreover, the user of the site undertakes to access the site using recent equipment, free of viruses and with a last generation updated browser<\/p>\n<h3>5. Intellectual property and counterfeiting.<\/h3>\n<p class=\" translation-block\">All texts, videos, comments, works, illustrations and images on www.gem-selection.com are reserved under copyright and intellectual property law for the whole world.<\/p>\n<p class=\" translation-block\">Any total or partial reproduction of the www.gem-selection.com website is strictly prohibited without prior agreement from Beno\u00eet Charbonneau (President of GEM SELECTION).<\/p>\n<p class=\" translation-block\">Similarly, the company names, course content (given on site), trademarks and distinctive signs appearing on the site www.gem-selection.com are protected by French and international law. Any use, reproduction, distribution or representation of all or part of one of the above-mentioned elements without the express written permission of the owner is prohibited, under penalty of prosecution.<\/p>\n<h3>6. Limitations of liability.<\/h3>\n<p>GEM SELECTION cannot be held responsible for direct and indirect damage caused to the user's equipment when accessing the www.gem-selection.com site, resulting either from the use of equipment that does not meet the specifications indicated in point 4, or from the appearance of a bug or incompatibility.<\/p>\n<p>GEM SELECTION cannot be held responsible for indirect damages (such as loss of market or loss of opportunity) resulting from the use of the www.gem-selection.com website.<\/p>\n<p>Interactive areas (possibility of asking questions in the contact area) are available to users. GEM SELECTION reserves the right to delete, without prior notice, any content posted in this area that contravenes the legislation applicable in France, in particular the provisions relating to data protection. Where applicable, GEM SELECTION also reserves the right to hold the user civilly and\/or criminally liable, particularly in the event of messages of a racist, insulting, defamatory or pornographic nature, regardless of the medium used (text, photographs, etc.).<\/p>\n<h3>7. Personal data management.<\/h3>\n<p>In France, personal data is protected by the law n\u00b0 78-87 of January 6, 1978, the law n\u00b0 2004-801 of August 6, 2004, the article L.226-13 of the Penal Code and the European Directive of October 24, 1995.<\/p>\n<p>When using the www.gem-selection.com website, the following information may be collected: the URL of the links through which the user accessed the www.gem-selection.com website, the user's access provider, the user's Internet protocol (IP) address.<\/p>\n<p>In any case, GEM SELECTION only collects personal information about the user for the purpose of certain services offered by the www.gem-selection.com website. Users provide this information with full knowledge of the facts, particularly when they enter it themselves. The user of the www.gem-selection.com site is then informed whether or not they are required to provide this information.<\/p>\n<p>In accordance with the provisions of articles 38 and following of the law L.78-17 of January 6, 1978 relating to data processing, the files and freedoms, any user has a right of access, of correction and opposition to the personal data relating to it, by carrying out its written and signed request, accompanied by a copy of the title of identity with signature of the holder of the document, by specifying the address to which the answer must be sent.<\/p>\n<p>No personal information of the user of the www.gem-selection.com website is published without the user's knowledge, exchanged, transferred, assigned or sold on any medium to third parties. Only the assumption of the repurchase of GEM SELECTION and its rights would allow the transmission of said information to the eventual purchaser who would in turn be bound by the same obligation to preserve and modify the data with respect to the user of the www.gem-selection.com site.<\/p>\n<p>The site is not declared to the CNIL because it does not collect personal information.<\/p>\n<p>The databases are protected by the provisions of the law of 1 July 1998 transposing the directive 96\/9 of 11 March 1996 on the legal protection of databases.<\/p>\n<h3>8. Hypertext links and cookies.<\/h3>\n<p>The www.gem-selection.com site contains a number of hyperlinks to other sites, set up with the authorization of GEM SELECTION. However, GEM SELECTION is not in a position to verify the content of the sites thus visited, and consequently assumes no responsibility in this regard.<\/p>\n<p>Browsing the www.gem-selection.com website may cause cookies to be installed on the user's computer. A cookie is a small file, which does not allow the identification of the user, but which records information relating to the navigation of a computer on a site. The data thus obtained is intended to facilitate subsequent navigation on the site, and is also intended to allow various measures of frequentation.<\/p>\n<p>Refusal to install a cookie may make it impossible to access certain services. However, the user can configure his internet browser to refuse the installation of cookies.<\/p>\n<h3>9. Applicable law and jurisdiction.<\/h3>\n<p>Any dispute relating to the use of the www.gem-selection.com website is subject to French law. The competent courts of Paris have exclusive jurisdiction.<\/p>\n<h3>10. The main laws involved.<\/h3>\n<p>Law no. 78-17 of 6 January 1978, as amended by Law no. 2004-801 of 6 August 2004 on information technology, files and freedoms.<\/p>\n<p>Law No. 2004-575 of 21 June 2004 on confidence in the digital economy.<\/p>\n<h3>11. Lexicon.<\/h3>\n<p>User: Internet user connecting to and using the above-mentioned site.<\/p>\n<p>Personal information: \"information which allows, in any form whatsoever, directly or not, the identification of the natural persons to whom it applies\" (article 4 of law n\u00b0 78-17 of 6 January 1978).<\/p>\n<h3>Information Technology and Civil Liberties<\/h3>\n<p>No personal information is collected without your knowledge or used for unintended purposes.<\/p>\n<p>Personal data is processed in compliance with the French Data Protection Act of 6 January 1978 as amended. The personal data concerning you, collected on this Site, are necessary for the ordering process and its payment.<\/p>\n<p class=\" translation-block\">This information is intended for use by gem-selection.com, its partners and service providers. It may also be used for internal control purposes and within the framework of legal provisions concerning the fight against money laundering and the financing of terrorism. Unless you refuse, it may also be used for commercial purposes by GEM SELECTION and with your consent in the case of email or SMS prospecting.<\/p>\n<p>In the context of the execution of an order and in accordance with the agreed purposes, personal data concerning you may be transferred to a country within or outside the European Union, of which you are informed and which you expressly authorize.<\/p>\n\n\t\t<\/div>\n\t<\/div>\n<\/div><\/div><\/div><\/div>","protected":false},"excerpt":{"rendered":"MENTIONS L\u00c9GALES1. Pr\u00e9sentation du site En vertu de l\u2019article 6 de la loi n\u00b0 2004-575 du 21 juin 2004 pour la confiance dans l\u2019\u00e9conomie num\u00e9rique, il est pr\u00e9cis\u00e9 aux utilisateurs du site www.gem-selection.com l\u2019identit\u00e9 des diff\u00e9rents intervenants dans le cadre de sa r\u00e9alisation et de son suivi : GEM SELECTION Siret: 81433731700014 Siren: 814 337 [...]","protected":false},"author":1,"featured_media":0,"parent":0,"menu_order":0,"comment_status":"closed","ping_status":"closed","template":"","meta":[],"yoast_head":"<!-- This site is optimized with the Yoast SEO plugin v20.4 - https:\/\/yoast.com\/wordpress\/plugins\/seo\/ -->\n<title>Mentions l\u00e9gales - GEM SELECTION<\/title>\n<meta name=\"robots\" content=\"noindex, nofollow\" \/>\n<meta property=\"og:locale\" content=\"en_US\" \/>\n<meta property=\"og:type\" content=\"article\" \/>\n<meta property=\"og:title\" content=\"Mentions l\u00e9gales - GEM SELECTION\" \/>\n<meta property=\"og:url\" content=\"https:\/\/www.gem-selection.com\/en\/mentions-legales\/\" \/>\n<meta property=\"og:site_name\" content=\"GEM SELECTION\" \/>\n<meta property=\"article:modified_time\" content=\"2024-09-20T13:34:48+00:00\" \/>\n<meta name=\"twitter:card\" content=\"summary_large_image\" \/>\n<meta name=\"twitter:label1\" content=\"Est. reading time\" \/>\n\t<meta name=\"twitter:data1\" content=\"8 minutes\" \/>\n<script type=\"application\/ld+json\" class=\"yoast-schema-graph\">{\"@context\":\"https:\/\/schema.org\",\"@graph\":[{\"@type\":\"WebPage\",\"@id\":\"https:\/\/www.gem-selection.com\/mentions-legales\/\",\"url\":\"https:\/\/www.gem-selection.com\/mentions-legales\/\",\"name\":\"Mentions l\u00e9gales - GEM SELECTION\",\"isPartOf\":{\"@id\":\"https:\/\/www.gem-selection.com\/#website\"},\"datePublished\":\"2020-10-16T02:02:01+00:00\",\"dateModified\":\"2024-09-20T13:34:48+00:00\",\"breadcrumb\":{\"@id\":\"https:\/\/www.gem-selection.com\/mentions-legales\/#breadcrumb\"},\"inLanguage\":\"en-US\",\"potentialAction\":[{\"@type\":\"ReadAction\",\"target\":[\"https:\/\/www.gem-selection.com\/mentions-legales\/\"]}]},{\"@type\":\"BreadcrumbList\",\"@id\":\"https:\/\/www.gem-selection.com\/mentions-legales\/#breadcrumb\",\"itemListElement\":[{\"@type\":\"ListItem\",\"position\":1,\"name\":\"Accueil\",\"item\":\"https:\/\/www.gem-selection.com\/\"},{\"@type\":\"ListItem\",\"position\":2,\"name\":\"Mentions l\u00e9gales\"}]},{\"@type\":\"WebSite\",\"@id\":\"https:\/\/www.gem-selection.com\/#website\",\"url\":\"https:\/\/www.gem-selection.com\/\",\"name\":\"GEM SELECTION\",\"description\":\"Vente Pierres Pr\u00e9cieuses et Fines\",\"potentialAction\":[{\"@type\":\"SearchAction\",\"target\":{\"@type\":\"EntryPoint\",\"urlTemplate\":\"https:\/\/www.gem-selection.com\/?s={search_term_string}\"},\"query-input\":\"required name=search_term_string\"}],\"inLanguage\":\"en-US\"}]}<\/script>\n<!-- \/ Yoast SEO plugin. -->","yoast_head_json":{"title":"Mentions l\u00e9gales - GEM SELECTION","robots":{"index":"noindex","follow":"nofollow"},"og_locale":"en_US","og_type":"article","og_title":"Mentions l\u00e9gales - GEM SELECTION","og_url":"https:\/\/www.gem-selection.com\/en\/mentions-legales\/","og_site_name":"GEM SELECTION","article_modified_time":"2024-09-20T13:34:48+00:00","twitter_card":"summary_large_image","twitter_misc":{"Est. reading time":"8 minutes"},"schema":{"@context":"https:\/\/schema.org","@graph":[{"@type":"WebPage","@id":"https:\/\/www.gem-selection.com\/mentions-legales\/","url":"https:\/\/www.gem-selection.com\/mentions-legales\/","name":"Mentions l\u00e9gales - GEM SELECTION","isPartOf":{"@id":"https:\/\/www.gem-selection.com\/#website"},"datePublished":"2020-10-16T02:02:01+00:00","dateModified":"2024-09-20T13:34:48+00:00","breadcrumb":{"@id":"https:\/\/www.gem-selection.com\/mentions-legales\/#breadcrumb"},"inLanguage":"en-US","potentialAction":[{"@type":"ReadAction","target":["https:\/\/www.gem-selection.com\/mentions-legales\/"]}]},{"@type":"BreadcrumbList","@id":"https:\/\/www.gem-selection.com\/mentions-legales\/#breadcrumb","itemListElement":[{"@type":"ListItem","position":1,"name":"Accueil","item":"https:\/\/www.gem-selection.com\/"},{"@type":"ListItem","position":2,"name":"Mentions l\u00e9gales"}]},{"@type":"WebSite","@id":"https:\/\/www.gem-selection.com\/#website","url":"https:\/\/www.gem-selection.com\/","name":"GEM SELECTION","description":"Vente Pierres Pr\u00e9cieuses et Fines","potentialAction":[{"@type":"SearchAction","target":{"@type":"EntryPoint","urlTemplate":"https:\/\/www.gem-selection.com\/?s={search_term_string}"},"query-input":"required name=search_term_string"}],"inLanguage":"en-US"}]}},"_links":{"self":[{"href":"https:\/\/www.gem-selection.com\/en\/wp-json\/wp\/v2\/pages\/436"}],"collection":[{"href":"https:\/\/www.gem-selection.com\/en\/wp-json\/wp\/v2\/pages"}],"about":[{"href":"https:\/\/www.gem-selection.com\/en\/wp-json\/wp\/v2\/types\/page"}],"author":[{"embeddable":true,"href":"https:\/\/www.gem-selection.com\/en\/wp-json\/wp\/v2\/users\/1"}],"replies":[{"embeddable":true,"href":"https:\/\/www.gem-selection.com\/en\/wp-json\/wp\/v2\/comments?post=436"}],"version-history":[{"count":12,"href":"https:\/\/www.gem-selection.com\/en\/wp-json\/wp\/v2\/pages\/436\/revisions"}],"predecessor-version":[{"id":1197,"href":"https:\/\/www.gem-selection.com\/en\/wp-json\/wp\/v2\/pages\/436\/revisions\/1197"}],"wp:attachment":[{"href":"https:\/\/www.gem-selection.com\/en\/wp-json\/wp\/v2\/media?parent=436"}],"curies":[{"name":"wp","href":"https:\/\/api.w.org\/{rel}","templated":true}]}}