{"id":430,"date":"2020-10-16T04:00:40","date_gmt":"2020-10-16T02:00:40","guid":{"rendered":"https:\/\/gem-selection.com\/?page_id=430"},"modified":"2024-09-20T15:19:01","modified_gmt":"2024-09-20T13:19:01","slug":"voyages","status":"publish","type":"page","link":"https:\/\/www.gem-selection.com\/en\/voyages\/","title":{"rendered":"Travel"},"content":{"rendered":"<div data-vc-full-width=\"true\" data-vc-full-width-init=\"false\" data-vc-stretch-content=\"true\" class=\"vc_row wpb_row vc_row-fluid banner-top vc_custom_1605949611169 vc_row-has-fill vc_row-no-padding\"><div class=\"wpb_column vc_column_container vc_col-sm-12\"><div class=\"vc_column-inner vc_custom_1603321806627\"><div class=\"wpb_wrapper\">\n\t<div  class=\"wpb_single_image wpb_content_element vc_align_center  wpb_animate_when_almost_visible wpb_zoomIn zoomIn vc_custom_1604594315210  titleimg1537\">\n\t\t\n\t\t<figure class=\"wpb_wrapper vc_figure\">\n\t\t\t<div class=\"vc_single_image-wrapper   vc_box_border_grey\"><img width=\"1\" height=\"1\" src=\"https:\/\/www.gem-selection.com\/wp-content\/uploads\/2020\/11\/gemselectiogris2.svg\" class=\"vc_single_image-img attachment-thumbnail\" alt=\"\" decoding=\"async\" loading=\"lazy\" \/><\/div>\n\t\t<\/figure>\n\t<\/div>\n<h2 style=\"font-size: 33px;color: #e6e6e6;text-align: center\" class=\"vc_custom_heading force-font shadow1537 gemselection wpb_animate_when_almost_visible wpb_fadeInUp fadeInUp vc_custom_1605807074271\" >TRAVEL<\/h2><\/div><\/div><\/div><\/div><div class=\"vc_row-full-width vc_clearfix\"><\/div><div data-vc-full-width=\"true\" data-vc-full-width-init=\"false\" class=\"vc_row wpb_row vc_row-fluid vc_custom_1604503549047\"><div class=\"wpb_animate_when_almost_visible wpb_fadeIn fadeIn wpb_column vc_column_container vc_col-sm-12\"><div class=\"vc_column-inner vc_custom_1602819252021\"><div class=\"wpb_wrapper\"><h2 style=\"font-size: 23px;color: #a59b81;text-align: center\" class=\"vc_custom_heading vc_custom_1605807104300\" >Discover our gemology trips<\/h2><p style=\"color: #9291a0;text-align: center\" class=\"vc_custom_heading\" >As an extension of his gem trading activities, Benoit also provides on-the-job gemmology training in Thailand, Sri Lanka, India and Pakistan through DISCOVERY GEMS. These courses focus on passing on the gemmological craft, combining theory and practice, and are aimed at both amateurs and professional jewellers.<\/p>\n\t<div class=\"wpb_text_column wpb_content_element\" >\n\t\t<div class=\"wpb_wrapper\">\n\t\t\t<p style=\"text-align: center;\">For more information or to join us, please visit <a href=\"https:\/\/discovery-gems.com\/en\">www.discovery-gems.com<\/a><\/p>\n\n\t\t<\/div>\n\t<\/div>\n<div class=\"vc_btn3-container vc_btn3-center vc_custom_1606182035156\" ><a class=\"vc_general vc_btn3 vc_btn3-size-md vc_btn3-shape-square vc_btn3-style-flat vc_btn3-color-grey\" href=\"https:\/\/discovery-gems.com\/en\" title=\"\" target=\"_blank\">Discover<\/a><\/div>\n\t<div  class=\"wpb_single_image wpb_content_element vc_align_center  wpb_animate_when_almost_visible wpb_fadeIn fadeIn  taj\">\n\t\t\n\t\t<figure class=\"wpb_wrapper vc_figure\">\n\t\t\t<div class=\"vc_single_image-wrapper   vc_box_border_grey\"><img width=\"2228\" height=\"1369\" src=\"https:\/\/www.gem-selection.com\/wp-content\/uploads\/2020\/11\/Taj-Mahal-2-gemselection-formation-min.png\" class=\"vc_single_image-img attachment-full\" alt=\"\" decoding=\"async\" loading=\"lazy\" srcset=\"https:\/\/www.gem-selection.com\/wp-content\/uploads\/2020\/11\/Taj-Mahal-2-gemselection-formation-min.png 2228w, https:\/\/www.gem-selection.com\/wp-content\/uploads\/2020\/11\/Taj-Mahal-2-gemselection-formation-min-300x184.png 300w, https:\/\/www.gem-selection.com\/wp-content\/uploads\/2020\/11\/Taj-Mahal-2-gemselection-formation-min-1024x629.png 1024w, https:\/\/www.gem-selection.com\/wp-content\/uploads\/2020\/11\/Taj-Mahal-2-gemselection-formation-min-768x472.png 768w, https:\/\/www.gem-selection.com\/wp-content\/uploads\/2020\/11\/Taj-Mahal-2-gemselection-formation-min-1536x944.png 1536w, https:\/\/www.gem-selection.com\/wp-content\/uploads\/2020\/11\/Taj-Mahal-2-gemselection-formation-min-2048x1258.png 2048w\" sizes=\"(max-width: 2228px) 100vw, 2228px\" \/><\/div>\n\t\t<\/figure>\n\t<\/div>\n<\/div><\/div><\/div><\/div><div class=\"vc_row-full-width vc_clearfix\"><\/div><div data-vc-full-width=\"true\" data-vc-full-width-init=\"false\" class=\"vc_row wpb_row vc_row-fluid newsletter-block vc_custom_1604790527611 vc_row-has-fill\"><div class=\"newsletter-block wpb_column vc_column_container vc_col-sm-12\"><div class=\"vc_column-inner\"><div class=\"wpb_wrapper\"><h2 style=\"font-size: 29px;color: #ffffff;text-align: center\" class=\"vc_custom_heading shadow1537 wpb_animate_when_almost_visible wpb_fadeIn fadeIn vc_custom_1604499735837\" >Newsletter<\/h2><h2 style=\"font-size: 17px;color: #ffffff;text-align: center\" class=\"vc_custom_heading force-font font-weight-100 shadow1537 wpb_animate_when_almost_visible wpb_fadeIn fadeIn vc_custom_1604501573294\" >Subscribe to our Newsletter !<\/h2>\n\t<div class=\"wpb_raw_code wpb_content_element wpb_raw_html text-align-center\" >\n\t\t<div class=\"wpb_wrapper\">\n\t\t\t\t\t\t\t\t<script type=\"text\/javascript\">\n\t\t\t\t\t\tvar gCaptchaSibWidget;\n                        var onloadSibCallbackInvisible = function () {\n\n                            var element = document.getElementsByClassName('sib-default-btn');\n                            var countInvisible = 0;\n                            var indexArray = [];\n                            jQuery('.sib-default-btn').each(function (index, el) {\n                                if ((jQuery(el).attr('id') == \"invisible\")) {\n                                    indexArray[countInvisible] = index;\n                                    countInvisible++\n                                }\n                            });\n\n                            jQuery('.invi-recaptcha').each(function (index, el) {\n                                grecaptcha.render(element[indexArray[index]], {\n                                    'sitekey': jQuery(el).attr('data-sitekey'),\n                                    'callback': sibVerifyCallback,\n                                });\n                            });\n                        };\n\t\t\t\t\t<\/script>\n\t\t\t\t\t                <script src=\"https:\/\/www.google.com\/recaptcha\/api.js?onload=onloadSibCallbackInvisible&render=explicit\" async defer><\/script>\n\t\t\t\t\n\t\t\t<form id=\"sib_signup_form_1\" method=\"post\" class=\"sib_signup_form\" action=\"\">\n\t\t\t\t<div class=\"sib_loader\" style=\"display:none;\"><img\n\t\t\t\t\t\t\tsrc=\"https:\/\/www.gem-selection.com\/wp-includes\/images\/spinner.gif\" alt=\"loader\"><\/div>\n\t\t\t\t<input type=\"hidden\" name=\"sib_form_action\" value=\"subscribe_form_submit\">\n\t\t\t\t<input type=\"hidden\" name=\"sib_form_id\" value=\"1\">\n                <input type=\"hidden\" name=\"sib_form_alert_notice\" value=\"Remplissez ce champ s\u2019il vous pla\u00eet\">\n                <input type=\"hidden\" name=\"sib_form_invalid_email_notice\" value=\"Cette adresse email n\\\\\\\\\\\\\\\\\\\\\\\\\\\\\\\\\\\\\\\\\\\\\\\\\\\\\\\\\\\\\\\\\\\\\\\\\\\\\\\\\\\\\\\\\\\\\\\\\\\\\\\\\\\\\\\\\\\\\\\\\\\\\\\\\\\\\\\\\\\\\\\\\\\\\\\\\\\\\\\\\\\\\\\\\\\\\\\\\\\\\\\\\\\\\\\\\\\\\\\\\\\\\\\\\\\\\\\\\\\\\\\\\\\\\\\\\\\\\\\\\\\\\\\\\\\\\\\\\\\\\\\\\\\\\\\\\\\\\\\\\\\\\\\\\\\\\\\\\\\\\\\\\\\\\\\\\\\\\\\\\\\\\\\\\\\\\\\\\\\\\\\\\\\\\\\\\\\\\\\\\\\\\\\\\\\\\\\\\\\\\\\\\\\\\\\\\\\\\\\\\\\\\\\\\\\\\\\\\\\\\\\\\\\\\\\\\\\\\\\\\\\\\\\\\\\\\\\\\\\\\\\\\\\\\">\n                <input type=\"hidden\" name=\"sib_security\" value=\"7b8886129d\">\n\t\t\t\t<div class=\"sib_signup_box_inside_1\">\n\t\t\t\t\t<div style=\"\/*display:none*\/\" class=\"sib_msg_disp\">\n\t\t\t\t\t<\/div>\n                                            <div id=\"sib_captcha_invisible\" class=\"invi-recaptcha\" data-sitekey=\"6LdHP-sZAAAAAO4y1S3eLU30WGR9U9uoMLsMJFBq\"><\/div>\n                    \t\t\t\t\t<center><p class=\"sib-email-area\">\r\n    <input type=\"email\" class=\"sib-email-area\" name=\"email\" required=\"required\" placeholder=\"Your E-mail Address\">\r\n<\/p>\r\n<p>\r\n    <input type=\"submit\" id=\"invisible\" class=\"sib-default-btn\" value=\"Sign up\">\r\n<\/p><\/center>\r\n\t\t\t\t<\/div>\n\t\t\t<input type=\"hidden\" name=\"trp-form-language\" value=\"en\"\/><\/form>\n\t\t\t<style>\n\t\t\t\tform#sib_signup_form_1 p.sib-alert-message {\n    padding: 6px 12px;\n    margin-bottom: 20px;\n    border: 1px solid transparent;\n    border-radius: 4px;\n    -webkit-box-sizing: border-box;\n    -moz-box-sizing: border-box;\n    box-sizing: border-box;\n}\nform#sib_signup_form_1 p.sib-alert-message-error {\n    background-color: #f2dede;\n    border-color: #ebccd1;\n    color: #a94442;\n}\nform#sib_signup_form_1 p.sib-alert-message-success {\n    background-color: #dff0d8;\n    border-color: #d6e9c6;\n    color: #3c763d;\n}\nform#sib_signup_form_1 p.sib-alert-message-warning {\n    background-color: #fcf8e3;\n    border-color: #faebcc;\n    color: #8a6d3b;\n}\n\t\t\t<\/style>\n\t\t\t\n\t\t<\/div>\n\t<\/div>\n<\/div><\/div><\/div><\/div><div class=\"vc_row-full-width vc_clearfix\"><\/div>","protected":false},"excerpt":{"rendered":"VOYAGESD\u00e9couvrez nos voyages en gemmologieDans le prolongement de ses activit\u00e9s de n\u00e9goce de gemmes, Benoit dispense \u00e9galement des formations terrains de gemmologie en Tha\u00eflande, au Sri Lanka, en Inde et au Pakistan \u00e0 travers DISCOVERY GEMS. Ces formations se veulent ax\u00e9es sur la transmission du m\u00e9tier des gemmes, alliant th\u00e9orie et pratique, et s'adressant tant [...]","protected":false},"author":1,"featured_media":0,"parent":0,"menu_order":0,"comment_status":"closed","ping_status":"closed","template":"","meta":[],"yoast_head":"<!-- This site is optimized with the Yoast SEO plugin v20.4 - https:\/\/yoast.com\/wordpress\/plugins\/seo\/ -->\n<title>Voyage en gemmologie \/ Apprendre la gemmologie - GEM SELECTION<\/title>\n<meta name=\"description\" content=\"Beno\u00eet dispense \u00e9galement des formations terrains en gemmologie au Sri-Lanka, en Inde, au Br\u00e9sil, en Russie et \u00e0 Madagascar. Ces formations se veulent ax\u00e9es sur la transmission du m\u00e9tier des gemmes, de la th\u00e9orie \u00e0 la pratique, et s&#039;adressent autant aux amateurs, qu&#039;aux professionnels de la joaillerie.\" \/>\n<meta name=\"robots\" content=\"index, follow, max-snippet:-1, max-image-preview:large, max-video-preview:-1\" \/>\n<link rel=\"canonical\" href=\"https:\/\/www.gem-selection.com\/en\/voyages\/\" \/>\n<meta property=\"og:locale\" content=\"en_US\" \/>\n<meta property=\"og:type\" content=\"article\" \/>\n<meta property=\"og:title\" content=\"Voyage en gemmologie \/ Apprendre la gemmologie - GEM SELECTION\" \/>\n<meta property=\"og:description\" content=\"Beno\u00eet dispense \u00e9galement des formations terrains en gemmologie au Sri-Lanka, en Inde, au Br\u00e9sil, en Russie et \u00e0 Madagascar. Ces formations se veulent ax\u00e9es sur la transmission du m\u00e9tier des gemmes, de la th\u00e9orie \u00e0 la pratique, et s&#039;adressent autant aux amateurs, qu&#039;aux professionnels de la joaillerie.\" \/>\n<meta property=\"og:url\" content=\"https:\/\/www.gem-selection.com\/en\/voyages\/\" \/>\n<meta property=\"og:site_name\" content=\"GEM SELECTION\" \/>\n<meta property=\"article:modified_time\" content=\"2024-09-20T13:19:01+00:00\" \/>\n<meta name=\"twitter:card\" content=\"summary_large_image\" \/>\n<meta name=\"twitter:label1\" content=\"Est. reading time\" \/>\n\t<meta name=\"twitter:data1\" content=\"2 minutes\" \/>\n<script type=\"application\/ld+json\" class=\"yoast-schema-graph\">{\"@context\":\"https:\/\/schema.org\",\"@graph\":[{\"@type\":\"WebPage\",\"@id\":\"https:\/\/www.gem-selection.com\/voyages\/\",\"url\":\"https:\/\/www.gem-selection.com\/voyages\/\",\"name\":\"Voyage en gemmologie \/ Apprendre la gemmologie - GEM SELECTION\",\"isPartOf\":{\"@id\":\"https:\/\/www.gem-selection.com\/#website\"},\"datePublished\":\"2020-10-16T02:00:40+00:00\",\"dateModified\":\"2024-09-20T13:19:01+00:00\",\"description\":\"Beno\u00eet dispense \u00e9galement des formations terrains en gemmologie au Sri-Lanka, en Inde, au Br\u00e9sil, en Russie et \u00e0 Madagascar. Ces formations se veulent ax\u00e9es sur la transmission du m\u00e9tier des gemmes, de la th\u00e9orie \u00e0 la pratique, et s'adressent autant aux amateurs, qu'aux professionnels de la joaillerie.\",\"breadcrumb\":{\"@id\":\"https:\/\/www.gem-selection.com\/voyages\/#breadcrumb\"},\"inLanguage\":\"en-US\",\"potentialAction\":[{\"@type\":\"ReadAction\",\"target\":[\"https:\/\/www.gem-selection.com\/voyages\/\"]}]},{\"@type\":\"BreadcrumbList\",\"@id\":\"https:\/\/www.gem-selection.com\/voyages\/#breadcrumb\",\"itemListElement\":[{\"@type\":\"ListItem\",\"position\":1,\"name\":\"Accueil\",\"item\":\"https:\/\/www.gem-selection.com\/\"},{\"@type\":\"ListItem\",\"position\":2,\"name\":\"Voyages\"}]},{\"@type\":\"WebSite\",\"@id\":\"https:\/\/www.gem-selection.com\/#website\",\"url\":\"https:\/\/www.gem-selection.com\/\",\"name\":\"GEM SELECTION\",\"description\":\"Vente Pierres Pr\u00e9cieuses et Fines\",\"potentialAction\":[{\"@type\":\"SearchAction\",\"target\":{\"@type\":\"EntryPoint\",\"urlTemplate\":\"https:\/\/www.gem-selection.com\/?s={search_term_string}\"},\"query-input\":\"required name=search_term_string\"}],\"inLanguage\":\"en-US\"}]}<\/script>\n<!-- \/ Yoast SEO plugin. -->","yoast_head_json":{"title":"Voyage en gemmologie \/ Apprendre la gemmologie - GEM SELECTION","description":"Beno\u00eet dispense \u00e9galement des formations terrains en gemmologie au Sri-Lanka, en Inde, au Br\u00e9sil, en Russie et \u00e0 Madagascar. Ces formations se veulent ax\u00e9es sur la transmission du m\u00e9tier des gemmes, de la th\u00e9orie \u00e0 la pratique, et s'adressent autant aux amateurs, qu'aux professionnels de la joaillerie.","robots":{"index":"index","follow":"follow","max-snippet":"max-snippet:-1","max-image-preview":"max-image-preview:large","max-video-preview":"max-video-preview:-1"},"canonical":"https:\/\/www.gem-selection.com\/en\/voyages\/","og_locale":"en_US","og_type":"article","og_title":"Voyage en gemmologie \/ Apprendre la gemmologie - GEM SELECTION","og_description":"Beno\u00eet dispense \u00e9galement des formations terrains en gemmologie au Sri-Lanka, en Inde, au Br\u00e9sil, en Russie et \u00e0 Madagascar. Ces formations se veulent ax\u00e9es sur la transmission du m\u00e9tier des gemmes, de la th\u00e9orie \u00e0 la pratique, et s'adressent autant aux amateurs, qu'aux professionnels de la joaillerie.","og_url":"https:\/\/www.gem-selection.com\/en\/voyages\/","og_site_name":"GEM SELECTION","article_modified_time":"2024-09-20T13:19:01+00:00","twitter_card":"summary_large_image","twitter_misc":{"Est. reading time":"2 minutes"},"schema":{"@context":"https:\/\/schema.org","@graph":[{"@type":"WebPage","@id":"https:\/\/www.gem-selection.com\/voyages\/","url":"https:\/\/www.gem-selection.com\/voyages\/","name":"Voyage en gemmologie \/ Apprendre la gemmologie - GEM SELECTION","isPartOf":{"@id":"https:\/\/www.gem-selection.com\/#website"},"datePublished":"2020-10-16T02:00:40+00:00","dateModified":"2024-09-20T13:19:01+00:00","description":"Beno\u00eet dispense \u00e9galement des formations terrains en gemmologie au Sri-Lanka, en Inde, au Br\u00e9sil, en Russie et \u00e0 Madagascar. Ces formations se veulent ax\u00e9es sur la transmission du m\u00e9tier des gemmes, de la th\u00e9orie \u00e0 la pratique, et s'adressent autant aux amateurs, qu'aux professionnels de la joaillerie.","breadcrumb":{"@id":"https:\/\/www.gem-selection.com\/voyages\/#breadcrumb"},"inLanguage":"en-US","potentialAction":[{"@type":"ReadAction","target":["https:\/\/www.gem-selection.com\/voyages\/"]}]},{"@type":"BreadcrumbList","@id":"https:\/\/www.gem-selection.com\/voyages\/#breadcrumb","itemListElement":[{"@type":"ListItem","position":1,"name":"Accueil","item":"https:\/\/www.gem-selection.com\/"},{"@type":"ListItem","position":2,"name":"Voyages"}]},{"@type":"WebSite","@id":"https:\/\/www.gem-selection.com\/#website","url":"https:\/\/www.gem-selection.com\/","name":"GEM SELECTION","description":"Vente Pierres Pr\u00e9cieuses et Fines","potentialAction":[{"@type":"SearchAction","target":{"@type":"EntryPoint","urlTemplate":"https:\/\/www.gem-selection.com\/?s={search_term_string}"},"query-input":"required name=search_term_string"}],"inLanguage":"en-US"}]}},"_links":{"self":[{"href":"https:\/\/www.gem-selection.com\/en\/wp-json\/wp\/v2\/pages\/430"}],"collection":[{"href":"https:\/\/www.gem-selection.com\/en\/wp-json\/wp\/v2\/pages"}],"about":[{"href":"https:\/\/www.gem-selection.com\/en\/wp-json\/wp\/v2\/types\/page"}],"author":[{"embeddable":true,"href":"https:\/\/www.gem-selection.com\/en\/wp-json\/wp\/v2\/users\/1"}],"replies":[{"embeddable":true,"href":"https:\/\/www.gem-selection.com\/en\/wp-json\/wp\/v2\/comments?post=430"}],"version-history":[{"count":31,"href":"https:\/\/www.gem-selection.com\/en\/wp-json\/wp\/v2\/pages\/430\/revisions"}],"predecessor-version":[{"id":1191,"href":"https:\/\/www.gem-selection.com\/en\/wp-json\/wp\/v2\/pages\/430\/revisions\/1191"}],"wp:attachment":[{"href":"https:\/\/www.gem-selection.com\/en\/wp-json\/wp\/v2\/media?parent=430"}],"curies":[{"name":"wp","href":"https:\/\/api.w.org\/{rel}","templated":true}]}}