{"id":414,"date":"2020-10-16T03:40:44","date_gmt":"2020-10-16T01:40:44","guid":{"rendered":"https:\/\/gem-selection.com\/?page_id=414"},"modified":"2024-09-21T11:24:27","modified_gmt":"2024-09-21T09:24:27","slug":"portrait","status":"publish","type":"page","link":"https:\/\/www.gem-selection.com\/en\/portrait\/","title":{"rendered":"Portrait"},"content":{"rendered":"<div data-vc-full-width=\"true\" data-vc-full-width-init=\"false\" data-vc-stretch-content=\"true\" class=\"vc_row wpb_row vc_row-fluid banner-top vc_custom_1604791362954 vc_row-has-fill vc_row-no-padding\"><div class=\"wpb_column vc_column_container vc_col-sm-12\"><div class=\"vc_column-inner vc_custom_1603321806627\"><div class=\"wpb_wrapper\">\n\t<div  class=\"wpb_single_image wpb_content_element vc_align_center  wpb_animate_when_almost_visible wpb_zoomIn zoomIn vc_custom_1604594315210  titleimg1537\">\n\t\t\n\t\t<figure class=\"wpb_wrapper vc_figure\">\n\t\t\t<div class=\"vc_single_image-wrapper   vc_box_border_grey\"><img width=\"1\" height=\"1\" src=\"https:\/\/www.gem-selection.com\/wp-content\/uploads\/2020\/11\/gemselectiogris2.svg\" class=\"vc_single_image-img attachment-thumbnail\" alt=\"\" decoding=\"async\" loading=\"lazy\" \/><\/div>\n\t\t<\/figure>\n\t<\/div>\n<h2 style=\"font-size: 33px;color: #e6e6e6;text-align: center\" class=\"vc_custom_heading force-font shadow1537 gemselection wpb_animate_when_almost_visible wpb_fadeInUp fadeInUp vc_custom_1604594305098\" >PORTRAIT<\/h2><\/div><\/div><\/div><\/div><div class=\"vc_row-full-width vc_clearfix\"><\/div><div data-vc-full-width=\"true\" data-vc-full-width-init=\"false\" class=\"vc_row wpb_row vc_row-fluid vc_custom_1604511243584\"><div class=\"wpb_animate_when_almost_visible wpb_fadeIn fadeIn wpb_column vc_column_container vc_col-sm-3\"><div class=\"vc_column-inner\"><div class=\"wpb_wrapper\">\n\t<div  class=\"wpb_single_image wpb_content_element vc_align_center  wpb_animate_when_almost_visible wpb_zoomIn zoomIn  benoit\">\n\t\t\n\t\t<figure class=\"wpb_wrapper vc_figure\">\n\t\t\t<div class=\"vc_single_image-wrapper vc_box_circle  vc_box_border_grey\"><img width=\"296\" height=\"296\" src=\"https:\/\/www.gem-selection.com\/wp-content\/uploads\/2024\/09\/benoit-jpg-min-1.jpg\" class=\"vc_single_image-img attachment-full\" alt=\"\" decoding=\"async\" loading=\"lazy\" srcset=\"https:\/\/www.gem-selection.com\/wp-content\/uploads\/2024\/09\/benoit-jpg-min-1.jpg 296w, https:\/\/www.gem-selection.com\/wp-content\/uploads\/2024\/09\/benoit-jpg-min-1-150x150.jpg 150w, https:\/\/www.gem-selection.com\/wp-content\/uploads\/2024\/09\/benoit-jpg-min-1-12x12.jpg 12w\" sizes=\"(max-width: 296px) 100vw, 296px\" \/><\/div>\n\t\t<\/figure>\n\t<\/div>\n<\/div><\/div><\/div><div class=\"wpb_column vc_column_container vc_col-sm-9 vc_hidden-sm vc_hidden-xs\"><div class=\"vc_column-inner\"><div class=\"wpb_wrapper\"><h2 style=\"font-size: 23px;color: #a59b81;text-align: left\" class=\"vc_custom_heading vc_custom_1605803512919\" >An enthusiast at the service of gemstones<\/h2><p style=\"color: #9291a0;text-align: left\" class=\"vc_custom_heading vc_custom_1726910665303\" >Beno\u00eet Charbonneau est consid\u00e9r\u00e9 comme l'un des fournisseurs incontournables des pierres de couleurs pour la Place Vend\u00f4me. C'est en particulier le cas pour les pierres de centre exceptionnelles de 1,50 \u00e0 15 carats.<\/p><p style=\"color: #9291a0;text-align: left\" class=\"vc_custom_heading vc_custom_1608888764540\" >This young gemologist is not content with simply sourcing and selling them, but he is also keen to share his passion for gemology and pass on his precious knowledge.<\/p><\/div><\/div><\/div><\/div><div class=\"vc_row-full-width vc_clearfix\"><\/div><div class=\"vc_row wpb_row vc_row-fluid vc_custom_1604511270491\"><div class=\"wpb_column vc_column_container vc_col-sm-12 vc_hidden-sm vc_hidden-xs\"><div class=\"vc_column-inner vc_custom_1604511292334\"><div class=\"wpb_wrapper\"><div class=\"vc_empty_space\"   style=\"height: 33px\"><span class=\"vc_empty_space_inner\"><\/span><\/div><\/div><\/div><\/div><\/div><div data-vc-full-width=\"true\" data-vc-full-width-init=\"false\" class=\"vc_row wpb_row vc_row-fluid vc_custom_1604511140606\"><div class=\"wpb_animate_when_almost_visible wpb_fadeIn fadeIn wpb_column vc_column_container vc_col-sm-12 vc_hidden-lg vc_hidden-md\"><div class=\"vc_column-inner vc_custom_1604510969407\"><div class=\"wpb_wrapper\"><h2 style=\"font-size: 23px;color: #a59b81;text-align: center\" class=\"vc_custom_heading vc_custom_1604510976714\" >Un joaillier au service des gemmes<\/h2><p style=\"color: #9291a0;text-align: center\" class=\"vc_custom_heading vc_custom_1604510981829\" >At only 40 years old, Beno\u00eet Charbonneau is considered one of the key gemstone suppliers for the most exclusives jewelers in the world, located at \"Place Vend\u00f4me\" in Paris and all over the world. This is particularly the case for exceptional gemstones from 1.5 to 15 carats.<\/p><p style=\"color: #9291a0;text-align: center\" class=\"vc_custom_heading vc_custom_1604510987070\" >Ce jeune gemmologue ne se contente pas simplement de les sourcer et de les vendre, mais il a aussi \u00e0 coeur de partager sa passion pour les pierres et de transmettre son pr\u00e9cieux savoir faire.<\/p><\/div><\/div><\/div><\/div><div class=\"vc_row-full-width vc_clearfix\"><\/div><div data-vc-full-width=\"true\" data-vc-full-width-init=\"false\" class=\"vc_row wpb_row vc_row-fluid vc_custom_1604499681457 vc_row-has-fill\"><div class=\"wpb_column vc_column_container vc_col-sm-12\"><div class=\"vc_column-inner vc_custom_1604500611278\"><div class=\"wpb_wrapper\"><h2 style=\"font-size: 23px;color: #a59b81;text-align: center\" class=\"vc_custom_heading vc_custom_1605804530491\" >Vision<\/h2><p style=\"color: #9291a0;text-align: center\" class=\"vc_custom_heading vc_custom_1608889138018\" >Gemology was an inherent part of Beno\u00eet Charbonneau's training, after 6 years of Jewelry studies. After graduating and winning several awards in jewelry, the young gemologist first worked as a jeweler in the prestigious workshops of Place Vend\u00f4me in Paris, then for the famous jeweler \u00ab Chopard \u00bb in St Barths for 6 years. Before returning to France, he spent six months at the GIA in the United States to perfect his technical knowledge in gemology.<\/p><p style=\"color: #9291a0;text-align: center\" class=\"vc_custom_heading vc_custom_1649074424664\" >After his experience in St Barths with elite clientele, this jeweler-gemologist settled in France. After several positions in the Jewelry sector, Beno\u00eet Charbonneau's experience, knowledge and personality found an effective way to express themselves by specializing in the trading business and creating his company GEM SELECTION in 2015 in France.<\/p><p style=\"color: #9291a0;text-align: center\" class=\"vc_custom_heading vc_custom_1602815137535\" >Each gemstones being unique, we attach great importance to the selection of all our stones according to your requirements and expectations in order to reach a perfect realization of your creations. On each of our trips we remain in close collaboration with you, with the help of photos and videos when choosing your gemstones from the supplier countries. We want to respect your criteria and meet your expectations for each of your gemstones.<\/p>\n\t<div  class=\"wpb_single_image wpb_content_element vc_align_center  vc_custom_1604502124444  badge-school\">\n\t\t\n\t\t<figure class=\"wpb_wrapper vc_figure\">\n\t\t\t<div class=\"vc_single_image-wrapper   vc_box_border_grey\"><img width=\"1024\" height=\"289\" src=\"https:\/\/www.gem-selection.com\/wp-content\/uploads\/2020\/11\/GIA-Logo-1024x289-3-black.png\" class=\"vc_single_image-img attachment-full\" alt=\"\" decoding=\"async\" loading=\"lazy\" srcset=\"https:\/\/www.gem-selection.com\/wp-content\/uploads\/2020\/11\/GIA-Logo-1024x289-3-black.png 1024w, https:\/\/www.gem-selection.com\/wp-content\/uploads\/2020\/11\/GIA-Logo-1024x289-3-black-300x85.png 300w, https:\/\/www.gem-selection.com\/wp-content\/uploads\/2020\/11\/GIA-Logo-1024x289-3-black-768x217.png 768w\" sizes=\"(max-width: 1024px) 100vw, 1024px\" \/><\/div>\n\t\t<\/figure>\n\t<\/div>\n<\/div><\/div><\/div><\/div><div class=\"vc_row-full-width vc_clearfix\"><\/div><div class=\"vc_row wpb_row vc_row-fluid\"><div class=\"wpb_column vc_column_container vc_col-sm-12\"><div class=\"vc_column-inner\"><div class=\"wpb_wrapper\"><div class=\"vc_row wpb_row vc_inner vc_row-fluid radius1537 vc_custom_1605805088928\"><div class=\"wpb_column vc_column_container vc_col-sm-4\"><div class=\"vc_column-inner vc_custom_1605805014841\"><div class=\"wpb_wrapper\">\n\t<div  class=\"wpb_single_image wpb_content_element vc_align_left\">\n\t\t\n\t\t<figure class=\"wpb_wrapper vc_figure\">\n\t\t\t<div class=\"vc_single_image-wrapper   vc_box_border_grey\"><img width=\"1920\" height=\"2560\" src=\"https:\/\/www.gem-selection.com\/wp-content\/uploads\/2020\/11\/IMG_8825-scaled.jpeg\" class=\"vc_single_image-img attachment-full\" alt=\"\" decoding=\"async\" loading=\"lazy\" srcset=\"https:\/\/www.gem-selection.com\/wp-content\/uploads\/2020\/11\/IMG_8825-scaled.jpeg 1920w, https:\/\/www.gem-selection.com\/wp-content\/uploads\/2020\/11\/IMG_8825-225x300.jpeg 225w, https:\/\/www.gem-selection.com\/wp-content\/uploads\/2020\/11\/IMG_8825-768x1024.jpeg 768w, https:\/\/www.gem-selection.com\/wp-content\/uploads\/2020\/11\/IMG_8825-1152x1536.jpeg 1152w, https:\/\/www.gem-selection.com\/wp-content\/uploads\/2020\/11\/IMG_8825-1536x2048.jpeg 1536w\" sizes=\"(max-width: 1920px) 100vw, 1920px\" \/><\/div>\n\t\t<\/figure>\n\t<\/div>\n<\/div><\/div><\/div><div class=\"wpb_column vc_column_container vc_col-sm-4\"><div class=\"vc_column-inner vc_custom_1605805022255\"><div class=\"wpb_wrapper\">\n\t<div  class=\"wpb_single_image wpb_content_element vc_align_left\">\n\t\t\n\t\t<figure class=\"wpb_wrapper vc_figure\">\n\t\t\t<div class=\"vc_single_image-wrapper   vc_box_border_grey\"><img width=\"1920\" height=\"2560\" src=\"https:\/\/www.gem-selection.com\/wp-content\/uploads\/2020\/11\/IMG_2613-scaled.jpeg\" class=\"vc_single_image-img attachment-full\" alt=\"\" decoding=\"async\" loading=\"lazy\" srcset=\"https:\/\/www.gem-selection.com\/wp-content\/uploads\/2020\/11\/IMG_2613-scaled.jpeg 1920w, https:\/\/www.gem-selection.com\/wp-content\/uploads\/2020\/11\/IMG_2613-225x300.jpeg 225w, https:\/\/www.gem-selection.com\/wp-content\/uploads\/2020\/11\/IMG_2613-768x1024.jpeg 768w, https:\/\/www.gem-selection.com\/wp-content\/uploads\/2020\/11\/IMG_2613-1152x1536.jpeg 1152w, https:\/\/www.gem-selection.com\/wp-content\/uploads\/2020\/11\/IMG_2613-1536x2048.jpeg 1536w\" sizes=\"(max-width: 1920px) 100vw, 1920px\" \/><\/div>\n\t\t<\/figure>\n\t<\/div>\n<\/div><\/div><\/div><div class=\"wpb_column vc_column_container vc_col-sm-4\"><div class=\"vc_column-inner vc_custom_1605805029211\"><div class=\"wpb_wrapper\">\n\t<div  class=\"wpb_single_image wpb_content_element vc_align_left\">\n\t\t\n\t\t<figure class=\"wpb_wrapper vc_figure\">\n\t\t\t<div class=\"vc_single_image-wrapper   vc_box_border_grey\"><img width=\"1920\" height=\"2560\" src=\"https:\/\/www.gem-selection.com\/wp-content\/uploads\/2020\/11\/IMG_2603-scaled.jpeg\" class=\"vc_single_image-img attachment-full\" alt=\"\" decoding=\"async\" loading=\"lazy\" srcset=\"https:\/\/www.gem-selection.com\/wp-content\/uploads\/2020\/11\/IMG_2603-scaled.jpeg 1920w, https:\/\/www.gem-selection.com\/wp-content\/uploads\/2020\/11\/IMG_2603-225x300.jpeg 225w, https:\/\/www.gem-selection.com\/wp-content\/uploads\/2020\/11\/IMG_2603-768x1024.jpeg 768w, https:\/\/www.gem-selection.com\/wp-content\/uploads\/2020\/11\/IMG_2603-1152x1536.jpeg 1152w, https:\/\/www.gem-selection.com\/wp-content\/uploads\/2020\/11\/IMG_2603-1536x2048.jpeg 1536w\" sizes=\"(max-width: 1920px) 100vw, 1920px\" \/><\/div>\n\t\t<\/figure>\n\t<\/div>\n<\/div><\/div><\/div><\/div><\/div><\/div><\/div><\/div><div data-vc-full-width=\"true\" data-vc-full-width-init=\"false\" class=\"vc_row wpb_row vc_row-fluid newsletter-block vc_custom_1604790455532 vc_row-has-fill\"><div class=\"newsletter-block wpb_column vc_column_container vc_col-sm-12\"><div class=\"vc_column-inner\"><div class=\"wpb_wrapper\"><h2 style=\"font-size: 29px;color: #ffffff;text-align: center\" class=\"vc_custom_heading shadow1537 wpb_animate_when_almost_visible wpb_fadeIn fadeIn vc_custom_1604499735837\" >Newsletter<\/h2><h2 style=\"font-size: 17px;color: #ffffff;text-align: center\" class=\"vc_custom_heading force-font font-weight-100 shadow1537 wpb_animate_when_almost_visible wpb_fadeIn fadeIn vc_custom_1604501573294\" >Subscribe to our Newsletter !<\/h2>\n\t<div class=\"wpb_raw_code wpb_content_element wpb_raw_html text-align-center\" >\n\t\t<div class=\"wpb_wrapper\">\n\t\t\t\t\t\t\t\t<script type=\"text\/javascript\">\n\t\t\t\t\t\tvar gCaptchaSibWidget;\n                        var onloadSibCallbackInvisible = function () {\n\n                            var element = document.getElementsByClassName('sib-default-btn');\n                            var countInvisible = 0;\n                            var indexArray = [];\n                            jQuery('.sib-default-btn').each(function (index, el) {\n                                if ((jQuery(el).attr('id') == \"invisible\")) {\n                                    indexArray[countInvisible] = index;\n                                    countInvisible++\n                                }\n                            });\n\n                            jQuery('.invi-recaptcha').each(function (index, el) {\n                                grecaptcha.render(element[indexArray[index]], {\n                                    'sitekey': jQuery(el).attr('data-sitekey'),\n                                    'callback': sibVerifyCallback,\n                                });\n                            });\n                        };\n\t\t\t\t\t<\/script>\n\t\t\t\t\t                <script src=\"https:\/\/www.google.com\/recaptcha\/api.js?onload=onloadSibCallbackInvisible&render=explicit\" async defer><\/script>\n\t\t\t\t\n\t\t\t<form id=\"sib_signup_form_1\" method=\"post\" class=\"sib_signup_form\" action=\"\">\n\t\t\t\t<div class=\"sib_loader\" style=\"display:none;\"><img\n\t\t\t\t\t\t\tsrc=\"https:\/\/www.gem-selection.com\/wp-includes\/images\/spinner.gif\" alt=\"loader\"><\/div>\n\t\t\t\t<input type=\"hidden\" name=\"sib_form_action\" value=\"subscribe_form_submit\">\n\t\t\t\t<input type=\"hidden\" name=\"sib_form_id\" value=\"1\">\n                <input type=\"hidden\" name=\"sib_form_alert_notice\" value=\"Remplissez ce champ s\u2019il vous pla\u00eet\">\n                <input type=\"hidden\" name=\"sib_form_invalid_email_notice\" value=\"Cette adresse email n\\\\\\\\\\\\\\\\\\\\\\\\\\\\\\\\\\\\\\\\\\\\\\\\\\\\\\\\\\\\\\\\\\\\\\\\\\\\\\\\\\\\\\\\\\\\\\\\\\\\\\\\\\\\\\\\\\\\\\\\\\\\\\\\\\\\\\\\\\\\\\\\\\\\\\\\\\\\\\\\\\\\\\\\\\\\\\\\\\\\\\\\\\\\\\\\\\\\\\\\\\\\\\\\\\\\\\\\\\\\\\\\\\\\\\\\\\\\\\\\\\\\\\\\\\\\\\\\\\\\\\\\\\\\\\\\\\\\\\\\\\\\\\\\\\\\\\\\\\\\\\\\\\\\\\\\\\\\\\\\\\\\\\\\\\\\\\\\\\\\\\\\\\\\\\\\\\\\\\\\\\\\\\\\\\\\\\\\\\\\\\\\\\\\\\\\\\\\\\\\\\\\\\\\\\\\\\\\\\\\\\\\\\\\\\\\\\\\\\\\\\\\\\\\\\\\\\\\\\\\\\\\\\\\\">\n                <input type=\"hidden\" name=\"sib_security\" value=\"a6a5bbfb77\">\n\t\t\t\t<div class=\"sib_signup_box_inside_1\">\n\t\t\t\t\t<div style=\"\/*display:none*\/\" class=\"sib_msg_disp\">\n\t\t\t\t\t<\/div>\n                                            <div id=\"sib_captcha_invisible\" class=\"invi-recaptcha\" data-sitekey=\"6LdHP-sZAAAAAO4y1S3eLU30WGR9U9uoMLsMJFBq\"><\/div>\n                    \t\t\t\t\t<center><p class=\"sib-email-area\">\r\n    <input type=\"email\" class=\"sib-email-area\" name=\"email\" required=\"required\" placeholder=\"Your E-mail Address\">\r\n<\/p>\r\n<p>\r\n    <input type=\"submit\" id=\"invisible\" class=\"sib-default-btn\" value=\"Sign up\">\r\n<\/p><\/center>\r\n\t\t\t\t<\/div>\n\t\t\t<input type=\"hidden\" name=\"trp-form-language\" value=\"en\"\/><\/form>\n\t\t\t<style>\n\t\t\t\tform#sib_signup_form_1 p.sib-alert-message {\n    padding: 6px 12px;\n    margin-bottom: 20px;\n    border: 1px solid transparent;\n    border-radius: 4px;\n    -webkit-box-sizing: border-box;\n    -moz-box-sizing: border-box;\n    box-sizing: border-box;\n}\nform#sib_signup_form_1 p.sib-alert-message-error {\n    background-color: #f2dede;\n    border-color: #ebccd1;\n    color: #a94442;\n}\nform#sib_signup_form_1 p.sib-alert-message-success {\n    background-color: #dff0d8;\n    border-color: #d6e9c6;\n    color: #3c763d;\n}\nform#sib_signup_form_1 p.sib-alert-message-warning {\n    background-color: #fcf8e3;\n    border-color: #faebcc;\n    color: #8a6d3b;\n}\n\t\t\t<\/style>\n\t\t\t\n\t\t<\/div>\n\t<\/div>\n<\/div><\/div><\/div><\/div><div class=\"vc_row-full-width vc_clearfix\"><\/div>","protected":false},"excerpt":{"rendered":"PORTRAIT Un passionn\u00e9 au service des gemmesBeno\u00eet Charbonneau est consid\u00e9r\u00e9 comme l'un des fournisseurs incontournables des pierres de couleurs pour la Place Vend\u00f4me. C'est en particulier le cas pour les pierres de centre exceptionnelles de 1,50 \u00e0 15 carats.Ce jeune gemmologue ne se contente pas simplement de les sourcer et de les vendre, mais il [...]","protected":false},"author":1,"featured_media":0,"parent":0,"menu_order":0,"comment_status":"closed","ping_status":"closed","template":"","meta":[],"yoast_head":"<!-- This site is optimized with the Yoast SEO plugin v20.4 - https:\/\/yoast.com\/wordpress\/plugins\/seo\/ -->\n<title>Vente de pierres pr\u00e9cieuses \/ Achat de pierres pr\u00e9cieuses<\/title>\n<meta name=\"description\" content=\"Joaillier de m\u00e9tier, et Gemmologue form\u00e9 par le GIA, nous sommes naturellement devenu n\u00e9gociant en gemmes.\" \/>\n<meta name=\"robots\" content=\"index, follow, max-snippet:-1, max-image-preview:large, max-video-preview:-1\" \/>\n<link rel=\"canonical\" href=\"https:\/\/www.gem-selection.com\/en\/portrait\/\" \/>\n<meta property=\"og:locale\" content=\"en_US\" \/>\n<meta property=\"og:type\" content=\"article\" \/>\n<meta property=\"og:title\" content=\"Vente de pierres pr\u00e9cieuses \/ Achat de pierres pr\u00e9cieuses\" \/>\n<meta property=\"og:description\" content=\"Joaillier de m\u00e9tier, et Gemmologue form\u00e9 par le GIA, nous sommes naturellement devenu n\u00e9gociant en gemmes.\" \/>\n<meta property=\"og:url\" content=\"https:\/\/www.gem-selection.com\/en\/portrait\/\" \/>\n<meta property=\"og:site_name\" content=\"GEM SELECTION\" \/>\n<meta property=\"article:modified_time\" content=\"2024-09-21T09:24:27+00:00\" \/>\n<meta name=\"twitter:card\" content=\"summary_large_image\" \/>\n<meta name=\"twitter:label1\" content=\"Est. reading time\" \/>\n\t<meta name=\"twitter:data1\" content=\"4 minutes\" \/>\n<script type=\"application\/ld+json\" class=\"yoast-schema-graph\">{\"@context\":\"https:\/\/schema.org\",\"@graph\":[{\"@type\":\"WebPage\",\"@id\":\"https:\/\/www.gem-selection.com\/portrait\/\",\"url\":\"https:\/\/www.gem-selection.com\/portrait\/\",\"name\":\"Vente de pierres pr\u00e9cieuses \/ Achat de pierres pr\u00e9cieuses\",\"isPartOf\":{\"@id\":\"https:\/\/www.gem-selection.com\/#website\"},\"datePublished\":\"2020-10-16T01:40:44+00:00\",\"dateModified\":\"2024-09-21T09:24:27+00:00\",\"description\":\"Joaillier de m\u00e9tier, et Gemmologue form\u00e9 par le GIA, nous sommes naturellement devenu n\u00e9gociant en gemmes.\",\"breadcrumb\":{\"@id\":\"https:\/\/www.gem-selection.com\/portrait\/#breadcrumb\"},\"inLanguage\":\"en-US\",\"potentialAction\":[{\"@type\":\"ReadAction\",\"target\":[\"https:\/\/www.gem-selection.com\/portrait\/\"]}]},{\"@type\":\"BreadcrumbList\",\"@id\":\"https:\/\/www.gem-selection.com\/portrait\/#breadcrumb\",\"itemListElement\":[{\"@type\":\"ListItem\",\"position\":1,\"name\":\"Accueil\",\"item\":\"https:\/\/www.gem-selection.com\/\"},{\"@type\":\"ListItem\",\"position\":2,\"name\":\"Portrait\"}]},{\"@type\":\"WebSite\",\"@id\":\"https:\/\/www.gem-selection.com\/#website\",\"url\":\"https:\/\/www.gem-selection.com\/\",\"name\":\"GEM SELECTION\",\"description\":\"Vente Pierres Pr\u00e9cieuses et Fines\",\"potentialAction\":[{\"@type\":\"SearchAction\",\"target\":{\"@type\":\"EntryPoint\",\"urlTemplate\":\"https:\/\/www.gem-selection.com\/?s={search_term_string}\"},\"query-input\":\"required name=search_term_string\"}],\"inLanguage\":\"en-US\"}]}<\/script>\n<!-- \/ Yoast SEO plugin. -->","yoast_head_json":{"title":"Vente de pierres pr\u00e9cieuses \/ Achat de pierres pr\u00e9cieuses","description":"Joaillier de m\u00e9tier, et Gemmologue form\u00e9 par le GIA, nous sommes naturellement devenu n\u00e9gociant en gemmes.","robots":{"index":"index","follow":"follow","max-snippet":"max-snippet:-1","max-image-preview":"max-image-preview:large","max-video-preview":"max-video-preview:-1"},"canonical":"https:\/\/www.gem-selection.com\/en\/portrait\/","og_locale":"en_US","og_type":"article","og_title":"Vente de pierres pr\u00e9cieuses \/ Achat de pierres pr\u00e9cieuses","og_description":"Joaillier de m\u00e9tier, et Gemmologue form\u00e9 par le GIA, nous sommes naturellement devenu n\u00e9gociant en gemmes.","og_url":"https:\/\/www.gem-selection.com\/en\/portrait\/","og_site_name":"GEM SELECTION","article_modified_time":"2024-09-21T09:24:27+00:00","twitter_card":"summary_large_image","twitter_misc":{"Est. reading time":"4 minutes"},"schema":{"@context":"https:\/\/schema.org","@graph":[{"@type":"WebPage","@id":"https:\/\/www.gem-selection.com\/portrait\/","url":"https:\/\/www.gem-selection.com\/portrait\/","name":"Vente de pierres pr\u00e9cieuses \/ Achat de pierres pr\u00e9cieuses","isPartOf":{"@id":"https:\/\/www.gem-selection.com\/#website"},"datePublished":"2020-10-16T01:40:44+00:00","dateModified":"2024-09-21T09:24:27+00:00","description":"Joaillier de m\u00e9tier, et Gemmologue form\u00e9 par le GIA, nous sommes naturellement devenu n\u00e9gociant en gemmes.","breadcrumb":{"@id":"https:\/\/www.gem-selection.com\/portrait\/#breadcrumb"},"inLanguage":"en-US","potentialAction":[{"@type":"ReadAction","target":["https:\/\/www.gem-selection.com\/portrait\/"]}]},{"@type":"BreadcrumbList","@id":"https:\/\/www.gem-selection.com\/portrait\/#breadcrumb","itemListElement":[{"@type":"ListItem","position":1,"name":"Accueil","item":"https:\/\/www.gem-selection.com\/"},{"@type":"ListItem","position":2,"name":"Portrait"}]},{"@type":"WebSite","@id":"https:\/\/www.gem-selection.com\/#website","url":"https:\/\/www.gem-selection.com\/","name":"GEM SELECTION","description":"Vente Pierres Pr\u00e9cieuses et Fines","potentialAction":[{"@type":"SearchAction","target":{"@type":"EntryPoint","urlTemplate":"https:\/\/www.gem-selection.com\/?s={search_term_string}"},"query-input":"required name=search_term_string"}],"inLanguage":"en-US"}]}},"_links":{"self":[{"href":"https:\/\/www.gem-selection.com\/en\/wp-json\/wp\/v2\/pages\/414"}],"collection":[{"href":"https:\/\/www.gem-selection.com\/en\/wp-json\/wp\/v2\/pages"}],"about":[{"href":"https:\/\/www.gem-selection.com\/en\/wp-json\/wp\/v2\/types\/page"}],"author":[{"embeddable":true,"href":"https:\/\/www.gem-selection.com\/en\/wp-json\/wp\/v2\/users\/1"}],"replies":[{"embeddable":true,"href":"https:\/\/www.gem-selection.com\/en\/wp-json\/wp\/v2\/comments?post=414"}],"version-history":[{"count":53,"href":"https:\/\/www.gem-selection.com\/en\/wp-json\/wp\/v2\/pages\/414\/revisions"}],"predecessor-version":[{"id":1203,"href":"https:\/\/www.gem-selection.com\/en\/wp-json\/wp\/v2\/pages\/414\/revisions\/1203"}],"wp:attachment":[{"href":"https:\/\/www.gem-selection.com\/en\/wp-json\/wp\/v2\/media?parent=414"}],"curies":[{"name":"wp","href":"https:\/\/api.w.org\/{rel}","templated":true}]}}